{"id":757,"date":"2024-04-07T13:36:02","date_gmt":"2024-04-07T13:36:02","guid":{"rendered":"https:\/\/rotaryatlantico.pt\/index.php\/uma-nova-direcao-a-visao-do-presidente-georges-lebeau-para-o-rotary-club-atlantico\/"},"modified":"2024-04-09T14:54:02","modified_gmt":"2024-04-09T14:54:02","slug":"uma-nova-direcao-a-visao-do-presidente-georges-lebeau-para-o-rotary-club-atlantico","status":"publish","type":"page","link":"https:\/\/rotaryatlantico.pt\/index.php\/uma-nova-direcao-a-visao-do-presidente-georges-lebeau-para-o-rotary-club-atlantico\/?lang=pt-pt","title":{"rendered":"Uma Nova Dire\u00e7\u00e3o: A vis\u00e3o do presidente Georges Lebeau para o Rotary Club Atl\u00e2ntico"},"content":{"rendered":"\n<p class=\"has-medium-font-size\"><\/p>\n\n<p class=\"has-medium-font-size\">Seis meses ap\u00f3s a rece\u00e7\u00e3o do documento de funda\u00e7\u00e3o, o Rotary Club Atl\u00e2ntico est\u00e1 a passar da fase organizacional para a realidade operacional, conforme anunciado pelo nosso Presidente, Georges Lebeau. No seu recente discurso, descreveu a sua vis\u00e3o e compromisso para com o clube, salientando a import\u00e2ncia da camaradagem, do respeito e de uma atitude benevolente entre os s\u00f3cios. Ele tomou um caminho inesperado para a lideran\u00e7a, aceitando o papel de presidente eleito para 2024-2025 e assumindo a presid\u00eancia mais cedo do que o previsto, pronto para abra\u00e7ar o desafio apesar de n\u00e3o ter experi\u00eancia anterior no Rotary.<\/p>\n\n<p class=\"has-medium-font-size\">A sua vis\u00e3o para o clube \u00e9 clara: fazer dele um espa\u00e7o de partilha, riso e respeito m\u00fatuo, reflectindo uma comunidade que gosta de se reunir. Sublinha a import\u00e2ncia da voz de cada membro, defendendo uma comunica\u00e7\u00e3o respeitosa e sem interrup\u00e7\u00f5es. Al\u00e9m disso, a natureza multicultural e multilingue do clube \u00e9 destacada como um desafio, mas tamb\u00e9m como uma oportunidade de crescimento e inclus\u00e3o, com o compromisso de tornar todas as comunica\u00e7\u00f5es relacionadas com o clube acess\u00edveis a todos os s\u00f3cios atrav\u00e9s de tradu\u00e7\u00f5es.<\/p>\n\n<p class=\"has-medium-font-size\">Na sua ess\u00eancia, o Rotary Club Atlantico define-se pela presta\u00e7\u00e3o de servi\u00e7os e pela participa\u00e7\u00e3o ativa e motivada dos seus membros nas reuni\u00f5es e actividades do clube. Georges sublinha a necessidade de se concentrar num pequeno n\u00famero de projectos seleccionados para garantir o seu \u00eaxito, em vez de dispersar os recursos por demasiadas iniciativas. Ele tamb\u00e9m menciona a import\u00e2ncia da colabora\u00e7\u00e3o com a comunidade rot\u00e1ria em geral.<\/p>\n\n<p class=\"has-medium-font-size\">A sua vis\u00e3o vai para al\u00e9m das opera\u00e7\u00f5es quotidianas do clube, abrangendo um profundo respeito e admira\u00e7\u00e3o pelo nosso pa\u00eds anfitri\u00e3o, Portugal. Sugere que o clube sirva de ve\u00edculo para que os membros celebrem e apreciem Portugal como uma casa querida, conhecida pela sua excecional qualidade de vida. Esta abordagem inclui a incorpora\u00e7\u00e3o de experi\u00eancias culturais nas nossas actividades, desde eventos art\u00edsticos e concertos a visitas a marcos hist\u00f3ricos e eventos gastron\u00f3micos, com o objetivo de enriquecer as experi\u00eancias dos membros e aprofundar a sua liga\u00e7\u00e3o ao rico patrim\u00f3nio cultural de Portugal.<\/p>\n\n<p class=\"has-medium-font-size\"><\/p>\n\n<p class=\"has-medium-font-size\"><\/p>\n","protected":false},"excerpt":{"rendered":"<p>Seis meses ap\u00f3s a rece\u00e7\u00e3o do documento de funda\u00e7\u00e3o, o Rotary Club Atl\u00e2ntico est\u00e1 a passar da fase organizacional para a realidade operacional, conforme anunciado pelo nosso Presidente, Georges Lebeau. &#8230;<\/p>\n","protected":false},"author":2,"featured_media":0,"parent":0,"menu_order":0,"comment_status":"closed","ping_status":"closed","template":"","meta":{"footnotes":""},"class_list":["post-757","page","type-page","status-publish","hentry"],"_links":{"self":[{"href":"https:\/\/rotaryatlantico.pt\/index.php\/wp-json\/wp\/v2\/pages\/757","targetHints":{"allow":["GET"]}}],"collection":[{"href":"https:\/\/rotaryatlantico.pt\/index.php\/wp-json\/wp\/v2\/pages"}],"about":[{"href":"https:\/\/rotaryatlantico.pt\/index.php\/wp-json\/wp\/v2\/types\/page"}],"author":[{"embeddable":true,"href":"https:\/\/rotaryatlantico.pt\/index.php\/wp-json\/wp\/v2\/users\/2"}],"replies":[{"embeddable":true,"href":"https:\/\/rotaryatlantico.pt\/index.php\/wp-json\/wp\/v2\/comments?post=757"}],"version-history":[{"count":1,"href":"https:\/\/rotaryatlantico.pt\/index.php\/wp-json\/wp\/v2\/pages\/757\/revisions"}],"predecessor-version":[{"id":758,"href":"https:\/\/rotaryatlantico.pt\/index.php\/wp-json\/wp\/v2\/pages\/757\/revisions\/758"}],"wp:attachment":[{"href":"https:\/\/rotaryatlantico.pt\/index.php\/wp-json\/wp\/v2\/media?parent=757"}],"curies":[{"name":"wp","href":"https:\/\/api.w.org\/{rel}","templated":true}]}}