{"id":156,"date":"2023-05-29T09:00:26","date_gmt":"2023-05-29T09:00:26","guid":{"rendered":"https:\/\/rotaryatlantico.pt\/index.php\/sobre-nos\/"},"modified":"2024-04-11T14:17:33","modified_gmt":"2024-04-11T14:17:33","slug":"sobre-nos","status":"publish","type":"page","link":"https:\/\/rotaryatlantico.pt\/index.php\/sobre-nos\/?lang=pt-pt","title":{"rendered":"Sobre n\u00f3s"},"content":{"rendered":"\n<p class=\"has-medium-font-size\">Portugueses de origem ou portugueses por ado\u00e7\u00e3o, em suma, expatriados que escolheram este pa\u00eds como &#8220;casa&#8221;, somos muitos os que procuram oportunidades e querem unir esfor\u00e7os para tornar melhor este mundo em que vivemos. O Rotary International \u00e9 uma das organiza\u00e7\u00f5es mundiais mais activas neste dom\u00ednio, com mais de 1,2 milh\u00f5es de membros unidos em torno dos mesmos ideais \u2764 . Decidimos criar um novo clube na regi\u00e3o Centro Oeste. Este clube, tal como os outros Rotary Clubs, tem a miss\u00e3o de ajudar, servir e atuar na realiza\u00e7\u00e3o de projectos a n\u00edvel local, regional, nacional ou internacional, contando com o poder do Rotary International, os seus recursos e a sua organiza\u00e7\u00e3o. Est\u00e3o j\u00e1 em discuss\u00e3o projectos bem identificados.<br\/><\/p>\n\n<p class=\"has-medium-font-size\">A nossa ambi\u00e7\u00e3o \u00e9 reunir uma comunidade que permita a todos os que desejem participar, propor, defender e realizar os projectos que lhes interessam. Este clube tem a voca\u00e7\u00e3o suplementar de reunir todas as boas vontades para al\u00e9m da nacionalidade dos seus membros, sem que, como acontece muitas vezes, a barreira lingu\u00edstica constitua um obst\u00e1culo dif\u00edcil para as pessoas que falam pouco ou mal a l\u00edngua do pa\u00eds e sem que uma \u00fanica outra l\u00edngua seja imposta no seu lugar.<br\/>Queremos que este grupo seja um local onde todos possam comunicar com os outros membros do grupo na l\u00edngua que considerem mais adequada.<\/p>\n\n<p class=\"has-medium-font-size\"><br\/>Todos podem contar com a camaradagem e a boa vontade dos outros, o que tornar\u00e1 a comunica\u00e7\u00e3o mais f\u00e1cil ou mais confort\u00e1vel. Deste modo, evitar-se-\u00e1 tamb\u00e9m a forma\u00e7\u00e3o e o isolamento de grupos lingu\u00edsticos. Portugu\u00eas, ingl\u00eas, franc\u00eas, alem\u00e3o e espanhol, deve haver sempre algu\u00e9m para traduzir e ajudar.<\/p>\n\n<p class=\"has-medium-font-size\"><br\/>A dimens\u00e3o multicultural e internacional do novo clube \u00e9 um trunfo importante para recrutar membros com uma vasta gama de experi\u00eancias que contribuir\u00e3o para os projectos em que estamos envolvidos.<\/p>\n\n<p class=\"has-medium-font-size\"><br\/>\u2764 As causas do Rotary s\u00e3o :<br\/>1. Promo\u00e7\u00e3o da paz<br\/>2. Luta contra a doen\u00e7a<br\/>3. Fornecimento de \u00e1gua pot\u00e1vel, saneamento e higiene<br\/>4. Salvar m\u00e3es e filhos<br\/>5. Apoiar a educa\u00e7\u00e3o<br\/>6. Crescimento das economias locais<br\/>7. Protec\u00e7\u00e3o do ambiente<\/p>\n\n<p class=\"has-medium-font-size\"><br\/>O Rotary tamb\u00e9m incentiva altos padr\u00f5es \u00e9ticos em todas as profiss\u00f5es e trabalha para construir a boa vontade e a paz no mundo.<\/p>\n","protected":false},"excerpt":{"rendered":"<p>Portugueses de origem ou portugueses por ado\u00e7\u00e3o, em suma, expatriados que escolheram este pa\u00eds como &#8220;casa&#8221;, somos muitos os que procuram oportunidades e querem unir esfor\u00e7os para tornar melhor este &#8230;<\/p>\n","protected":false},"author":2,"featured_media":0,"parent":0,"menu_order":0,"comment_status":"closed","ping_status":"closed","template":"","meta":{"footnotes":""},"class_list":["post-156","page","type-page","status-publish","hentry"],"_links":{"self":[{"href":"https:\/\/rotaryatlantico.pt\/index.php\/wp-json\/wp\/v2\/pages\/156","targetHints":{"allow":["GET"]}}],"collection":[{"href":"https:\/\/rotaryatlantico.pt\/index.php\/wp-json\/wp\/v2\/pages"}],"about":[{"href":"https:\/\/rotaryatlantico.pt\/index.php\/wp-json\/wp\/v2\/types\/page"}],"author":[{"embeddable":true,"href":"https:\/\/rotaryatlantico.pt\/index.php\/wp-json\/wp\/v2\/users\/2"}],"replies":[{"embeddable":true,"href":"https:\/\/rotaryatlantico.pt\/index.php\/wp-json\/wp\/v2\/comments?post=156"}],"version-history":[{"count":3,"href":"https:\/\/rotaryatlantico.pt\/index.php\/wp-json\/wp\/v2\/pages\/156\/revisions"}],"predecessor-version":[{"id":887,"href":"https:\/\/rotaryatlantico.pt\/index.php\/wp-json\/wp\/v2\/pages\/156\/revisions\/887"}],"wp:attachment":[{"href":"https:\/\/rotaryatlantico.pt\/index.php\/wp-json\/wp\/v2\/media?parent=156"}],"curies":[{"name":"wp","href":"https:\/\/api.w.org\/{rel}","templated":true}]}}