{"id":153,"date":"2023-05-29T09:00:26","date_gmt":"2023-05-29T09:00:26","guid":{"rendered":"https:\/\/rotaryatlantico.pt\/index.php\/a-propos-de-nous\/"},"modified":"2024-04-11T13:25:29","modified_gmt":"2024-04-11T13:25:29","slug":"a-propos-de-nous","status":"publish","type":"page","link":"https:\/\/rotaryatlantico.pt\/index.php\/a-propos-de-nous\/?lang=fr","title":{"rendered":"A propos de nous"},"content":{"rendered":"\n<p class=\"has-medium-font-size\">Portugais d&#8217;origine ou portugais d&#8217;adoption, en un mot, expatri\u00e9s qui ont choisi d&#8217;appeler ce pays &#8220;leur maison&#8221;, nous sommes nombreux \u00e0 rechercher des opportunit\u00e9s et \u00e0 vouloir unir nos forces pour rendre meilleur le monde dans lequel nous vivons. Le Rotary International est l&#8217;une des organisations mondiales les plus actives dans ce domaine, avec plus de 1,2 million de membres unis autour des m\u00eames id\u00e9aux \u2764 . Nous avons d\u00e9cid\u00e9 de cr\u00e9er un nouveau club dans la r\u00e9gion Centro Oeste. Ce club, comme les autres Rotary clubs, a pour mission d&#8217;aider, de servir et d&#8217;agir pour monter des actions au niveau local, r\u00e9gional, national ou international, en s&#8217;appuyant sur la puissance du Rotary International, ses ressources et son organisation. Des projets bien identifi\u00e9s sont d\u00e9j\u00e0 en cours de discussion.<br\/><\/p>\n\n<p class=\"has-medium-font-size\">Notre ambition est de rassembler une communaut\u00e9 qui permette \u00e0 tous ceux qui le souhaitent de participer, de proposer, de d\u00e9fendre et de r\u00e9aliser les projets qui leur tiennent \u00e0 c\u0153ur. Ce club a pour vocation suppl\u00e9mentaire de rassembler toutes les bonnes volont\u00e9s au-del\u00e0 de la nationalit\u00e9 de ses membres sans que, comme c&#8217;est souvent le cas, la barri\u00e8re de la langue ne soit un obstacle difficile \u00e0 franchir pour des personnes qui parlent peu ou mal la langue du pays et sans qu&#8217;une seule autre langue ne soit impos\u00e9e \u00e0 sa place.<br\/>Nous voulons que ce groupe soit un lieu o\u00f9 chacun puisse communiquer avec les autres membres du groupe dans la langue qu&#8217;il juge la plus appropri\u00e9e.<\/p>\n\n<p class=\"has-medium-font-size\"><br\/>Chacun peut compter sur la camaraderie et la bonne volont\u00e9 des autres, ce qui rendra la communication plus facile ou plus confortable. Cela permettra \u00e9galement d&#8217;\u00e9viter la formation et l&#8217;isolement de groupes linguistiques. Portugais, anglais, fran\u00e7ais, allemand et espagnol, il devrait toujours y avoir quelqu&#8217;un pour traduire et aider.<\/p>\n\n<p class=\"has-medium-font-size\"><br\/>La dimension multiculturelle et internationale du nouveau club est un atout majeur pour recruter des membres ayant une exp\u00e9rience vari\u00e9e qu&#8217;ils mettront \u00e0 profit pour contribuer aux projets dans lesquels nous sommes impliqu\u00e9s.<\/p>\n\n<p class=\"has-medium-font-size\"><br\/>Les causes du Rotary sont :<br\/>1. Promouvoir la paix<br\/>2. Lutte contre les maladies<br\/>3. Fournir de l&#8217;eau propre, des installations sanitaires et des mesures d&#8217;hygi\u00e8ne<br\/>4. Sauver les m\u00e8res et les enfants<br\/>5. Soutenir l&#8217;\u00e9ducation<br\/>6. D\u00e9velopper les \u00e9conomies locales<br\/>7. Prot\u00e9ger l&#8217;environnement<\/p>\n\n<p class=\"has-medium-font-size\"><br\/>Le Rotary encourage \u00e9galement le respect de normes \u00e9thiques \u00e9lev\u00e9es dans toutes les professions et s&#8217;efforce d&#8217;instaurer la bonne volont\u00e9 et la paix dans le monde.<\/p>\n","protected":false},"excerpt":{"rendered":"<p>Portugais d&#8217;origine ou portugais d&#8217;adoption, en un mot, expatri\u00e9s qui ont choisi d&#8217;appeler ce pays &#8220;leur maison&#8221;, nous sommes nombreux \u00e0 rechercher des opportunit\u00e9s et \u00e0 vouloir unir nos forces &#8230;<\/p>\n","protected":false},"author":2,"featured_media":0,"parent":0,"menu_order":0,"comment_status":"closed","ping_status":"closed","template":"","meta":{"footnotes":""},"class_list":["post-153","page","type-page","status-publish","hentry"],"_links":{"self":[{"href":"https:\/\/rotaryatlantico.pt\/index.php\/wp-json\/wp\/v2\/pages\/153","targetHints":{"allow":["GET"]}}],"collection":[{"href":"https:\/\/rotaryatlantico.pt\/index.php\/wp-json\/wp\/v2\/pages"}],"about":[{"href":"https:\/\/rotaryatlantico.pt\/index.php\/wp-json\/wp\/v2\/types\/page"}],"author":[{"embeddable":true,"href":"https:\/\/rotaryatlantico.pt\/index.php\/wp-json\/wp\/v2\/users\/2"}],"replies":[{"embeddable":true,"href":"https:\/\/rotaryatlantico.pt\/index.php\/wp-json\/wp\/v2\/comments?post=153"}],"version-history":[{"count":10,"href":"https:\/\/rotaryatlantico.pt\/index.php\/wp-json\/wp\/v2\/pages\/153\/revisions"}],"predecessor-version":[{"id":850,"href":"https:\/\/rotaryatlantico.pt\/index.php\/wp-json\/wp\/v2\/pages\/153\/revisions\/850"}],"wp:attachment":[{"href":"https:\/\/rotaryatlantico.pt\/index.php\/wp-json\/wp\/v2\/media?parent=153"}],"curies":[{"name":"wp","href":"https:\/\/api.w.org\/{rel}","templated":true}]}}